{"id":20,"date":"2024-12-11T07:51:38","date_gmt":"2024-12-11T06:51:38","guid":{"rendered":"https:\/\/lift2go.bluetimeproduction.be\/?page_id=20"},"modified":"2026-01-28T17:32:17","modified_gmt":"2026-01-28T16:32:17","slug":"politique-des-cookies","status":"publish","type":"page","link":"https:\/\/www.lift2go.be\/fr\/politique-des-cookies\/","title":{"rendered":"Politique des cookies"},"content":{"rendered":"\t\t<div data-elementor-type=\"wp-page\" data-elementor-id=\"20\" class=\"elementor elementor-20\" data-elementor-post-type=\"page\">\n\t\t\t\t<div class=\"elementor-element elementor-element-0ed3640 e-flex e-con-boxed e-con e-parent\" data-id=\"0ed3640\" data-element_type=\"container\" data-e-type=\"container\" data-settings=\"{&quot;shape_divider_bottom&quot;:&quot;curve&quot;,&quot;shape_divider_bottom_negative&quot;:&quot;yes&quot;}\">\n\t\t\t\t\t<div class=\"e-con-inner\">\n\t\t\t\t<div class=\"elementor-shape elementor-shape-bottom\" aria-hidden=\"true\" data-negative=\"true\">\n\t\t\t\n<svg xmlns=\"http:\/\/www.w3.org\/2000\/svg\" viewBox=\"0 0 1000 100\" preserveAspectRatio=\"none\">\n\t<path class=\"elementor-shape-fill\" d=\"M500,97C126.7,96.3,0.8,19.8,0,0v100l1000,0V1C1000,19.4,873.3,97.8,500,97z\"\/>\n<\/svg>\n\t\t<\/div>\n\t\t\t\t<div class=\"elementor-element elementor-element-b2c53a9 elementor-widget elementor-widget-heading\" data-id=\"b2c53a9\" data-element_type=\"widget\" data-e-type=\"widget\" data-widget_type=\"heading.default\">\n\t\t\t\t<div class=\"elementor-widget-container\">\n\t\t\t\t\t<h1 class=\"elementor-heading-title elementor-size-default\">Politique des cookies<\/h1>\t\t\t\t<\/div>\n\t\t\t\t<\/div>\n\t\t<div class=\"elementor-element elementor-element-3d6ce90 e-con-full e-flex e-con e-child\" data-id=\"3d6ce90\" data-element_type=\"container\" data-e-type=\"container\">\n\t\t\t\t<div class=\"elementor-element elementor-element-aa55bc4 elementor-widget elementor-widget-heading\" data-id=\"aa55bc4\" data-element_type=\"widget\" data-e-type=\"widget\" data-widget_type=\"heading.default\">\n\t\t\t\t<div class=\"elementor-widget-container\">\n\t\t\t\t\t<h2 class=\"elementor-heading-title elementor-size-default\">1. Qu\u2019est-ce qu\u2019un cookie&nbsp;?<\/h2>\t\t\t\t<\/div>\n\t\t\t\t<\/div>\n\t\t\t\t<div class=\"elementor-element elementor-element-1214170 elementor-widget elementor-widget-text-editor\" data-id=\"1214170\" data-element_type=\"widget\" data-e-type=\"widget\" data-widget_type=\"text-editor.default\">\n\t\t\t\t<div class=\"elementor-widget-container\">\n\t\t\t\t\t\t\t\t\t<p>Les cookies sont de petits fichiers de donn\u00e9es ou de texte plac\u00e9s localement sur votre ordinateur ou votre appareil mobile par des sites internet ou des applications. Sur ces petits fichiers peuvent \u00eatre stock\u00e9s diff\u00e9rents types d\u2019informations tels que le choix de votre langue pour un site internet sp\u00e9cifique, par exemple, qui vous permettra, \u00e0 votre prochaine visite, de voir ce site directement dans votre langue de pr\u00e9f\u00e9rence. De tels cookies peuvent poursuivre diff\u00e9rentes finalit\u00e9s.<\/p><p>La loi belge du 13 juin 2005 relative aux communications \u00e9lectroniques contient quelques dispositions relatives aux cookies et \u00e0 leur utilisation sur les sites internet. L\u2019application de la loi belge d\u00e9coule de la directive europ\u00e9enne e-Privacy, ce qui implique que l\u2019utilisation des cookies et leur r\u00e9glementation au niveau national diff\u00e8rent selon les pays europ\u00e9ens devant impl\u00e9menter la directive en droit national.<\/p><p>CS Management (\u00ab <strong>Nous\/notre\/nos<\/strong> \u00bb) est une entreprise active sur le march\u00e9 belge qui suit par cons\u00e9quent la l\u00e9gislation belge et europ\u00e9enne en la mati\u00e8re.<\/p>\t\t\t\t\t\t\t\t<\/div>\n\t\t\t\t<\/div>\n\t\t\t\t<\/div>\n\t\t<div class=\"elementor-element elementor-element-38df4d0 e-con-full e-flex e-con e-child\" data-id=\"38df4d0\" data-element_type=\"container\" data-e-type=\"container\">\n\t\t\t\t<div class=\"elementor-element elementor-element-9c958d6 elementor-widget elementor-widget-heading\" data-id=\"9c958d6\" data-element_type=\"widget\" data-e-type=\"widget\" data-widget_type=\"heading.default\">\n\t\t\t\t<div class=\"elementor-widget-container\">\n\t\t\t\t\t<h2 class=\"elementor-heading-title elementor-size-default\">2. Quels sont les diff\u00e9rents types de cookies&nbsp;?<\/h2>\t\t\t\t<\/div>\n\t\t\t\t<\/div>\n\t\t\t\t<div class=\"elementor-element elementor-element-8cb6005 elementor-widget elementor-widget-text-editor\" data-id=\"8cb6005\" data-element_type=\"widget\" data-e-type=\"widget\" data-widget_type=\"text-editor.default\">\n\t\t\t\t<div class=\"elementor-widget-container\">\n\t\t\t\t\t\t\t\t\t<p>Ci-dessous, les diff\u00e9rents types de cookies ayant une finalit\u00e9 et utilit\u00e9 diff\u00e9rente&nbsp;:<\/p><ul><li><strong>Les cookies n\u00e9cessaires<\/strong> : Ces cookies sont n\u00e9cessaires pour vous permettre une bonne visite et utilisation de notre site internet. Cela vous permettra, par exemple, de compl\u00e9ter des formulaires. Pour acc\u00e9der \u00e0 votre compte personnel, des cookies n\u00e9cessaires jouent \u00e9galement un r\u00f4le d\u2019identification pour vous permettre d\u2019acc\u00e9der \u00e0 votre compte personnel.<\/li><li><strong>Les cookies fonctionnels<\/strong> : Les cookies fonctionnels sont destin\u00e9s \u00e0 un fonctionnement facilit\u00e9 de notre site internet en rendant la visite plus agr\u00e9able pour l\u2019utilisateur et en personnalisant votre exp\u00e9rience. Concr\u00e8tement, cela peut se traduire par des cookies qui retiennent le choix de votre langue ou vos personnalisations de compte priv\u00e9.<\/li><li><strong>Les cookies d\u2019analyse<\/strong> : Ces cookies d\u2019analyse collectent des donn\u00e9es sur l\u2019utilisation par les visiteurs de notre site internet, et ce afin d\u2019am\u00e9liorer de mani\u00e8re continue votre exp\u00e9rience de visite et d\u2019utilisation pour une exp\u00e9rience optimale.<\/li><li><strong>Les cookies commerciaux<\/strong> : Les cookies commerciaux collectent des donn\u00e9es sur les comportements de navigation pour vous proposer du contenu personnalis\u00e9 et de la publicit\u00e9 susceptible de vous int\u00e9resser. Via ces cookies, des annonces publicitaires pour des produits et services en fonction de vos centres d\u2019int\u00e9r\u00eats peuvent vous \u00eatre propos\u00e9es.<\/li><\/ul>\t\t\t\t\t\t\t\t<\/div>\n\t\t\t\t<\/div>\n\t\t\t\t<\/div>\n\t\t<div class=\"elementor-element elementor-element-7eb296d e-con-full e-flex e-con e-child\" data-id=\"7eb296d\" data-element_type=\"container\" data-e-type=\"container\">\n\t\t\t\t<div class=\"elementor-element elementor-element-811518e elementor-widget elementor-widget-heading\" data-id=\"811518e\" data-element_type=\"widget\" data-e-type=\"widget\" data-widget_type=\"heading.default\">\n\t\t\t\t<div class=\"elementor-widget-container\">\n\t\t\t\t\t<h2 class=\"elementor-heading-title elementor-size-default\">3. Qui peut installer ces diff\u00e9rents cookies&nbsp;?<\/h2>\t\t\t\t<\/div>\n\t\t\t\t<\/div>\n\t\t\t\t<div class=\"elementor-element elementor-element-d0c3845 elementor-widget elementor-widget-text-editor\" data-id=\"d0c3845\" data-element_type=\"widget\" data-e-type=\"widget\" data-widget_type=\"text-editor.default\">\n\t\t\t\t<div class=\"elementor-widget-container\">\n\t\t\t\t\t\t\t\t\t<ul><li><strong>Les cookies de premi\u00e8re partie<\/strong> : ces cookies sont g\u00e9r\u00e9s et install\u00e9s par nos soins et sont sp\u00e9cifiquement li\u00e9s \u00e0 notre site internet.<\/li><li><strong>Les cookies de tiers<\/strong> : ces cookies sont g\u00e9r\u00e9s et install\u00e9s par des parties tierces et permettent que certaines informations de navigation sur notre site internet soient envoy\u00e9es \u00e0 des tiers, tels que nos partenaires.<\/li><\/ul>\t\t\t\t\t\t\t\t<\/div>\n\t\t\t\t<\/div>\n\t\t\t\t<\/div>\n\t\t<div class=\"elementor-element elementor-element-a76b9fe e-con-full e-flex e-con e-child\" data-id=\"a76b9fe\" data-element_type=\"container\" data-e-type=\"container\">\n\t\t\t\t<div class=\"elementor-element elementor-element-6f0b9e3 elementor-widget elementor-widget-heading\" data-id=\"6f0b9e3\" data-element_type=\"widget\" data-e-type=\"widget\" data-widget_type=\"heading.default\">\n\t\t\t\t<div class=\"elementor-widget-container\">\n\t\t\t\t\t<h2 class=\"elementor-heading-title elementor-size-default\">4. Combien de temps les cookies sont-ils conserv\u00e9s&nbsp;?<\/h2>\t\t\t\t<\/div>\n\t\t\t\t<\/div>\n\t\t\t\t<div class=\"elementor-element elementor-element-d3d63e3 elementor-widget elementor-widget-text-editor\" data-id=\"d3d63e3\" data-element_type=\"widget\" data-e-type=\"widget\" data-widget_type=\"text-editor.default\">\n\t\t\t\t<div class=\"elementor-widget-container\">\n\t\t\t\t\t\t\t\t\t<p>Les cookies ont g\u00e9n\u00e9ralement une date d\u2019expiration qui peut varier en fonction de leur utilit\u00e9.<\/p><ul><li><strong>Les cookies temporaires<\/strong> : certains cookies (les cookies de session) sont stock\u00e9s sur votre navigateur ou application provisoirement et sont supprim\u00e9s d\u00e8s que vous fermez votre navigateur\/application.<\/li><li><strong>Les cookies permanents<\/strong> : d\u2019autres cookies seront conserv\u00e9s plus longtemps sur votre appareil. Certains pourraient \u00eatre conserv\u00e9s jusqu\u2019\u00e0 une \u00e9ch\u00e9ance pr\u00e9d\u00e9finie ou intervention manuelle pour les supprimer. Ce sont ces cookies permanents qui nous permettent de vous reconna\u00eetre lors de votre prochaine visite.<\/li><\/ul>\t\t\t\t\t\t\t\t<\/div>\n\t\t\t\t<\/div>\n\t\t\t\t<\/div>\n\t\t<div class=\"elementor-element elementor-element-2a598b2 e-con-full e-flex e-con e-child\" data-id=\"2a598b2\" data-element_type=\"container\" data-e-type=\"container\">\n\t\t\t\t<div class=\"elementor-element elementor-element-1acaa3c elementor-widget elementor-widget-heading\" data-id=\"1acaa3c\" data-element_type=\"widget\" data-e-type=\"widget\" data-widget_type=\"heading.default\">\n\t\t\t\t<div class=\"elementor-widget-container\">\n\t\t\t\t\t<h2 class=\"elementor-heading-title elementor-size-default\">5. Quelle est l\u2019utilit\u00e9 des cookies&nbsp;?<\/h2>\t\t\t\t<\/div>\n\t\t\t\t<\/div>\n\t\t\t\t<div class=\"elementor-element elementor-element-7bed929 elementor-widget elementor-widget-text-editor\" data-id=\"7bed929\" data-element_type=\"widget\" data-e-type=\"widget\" data-widget_type=\"text-editor.default\">\n\t\t\t\t<div class=\"elementor-widget-container\">\n\t\t\t\t\t\t\t\t\t<p>CS Management souhaite vous informer le plus pr\u00e9cis\u00e9ment possible des r\u00e8gles entourant l\u2019utilisation des cookies et des types de cookies qu\u2019elle utilise sur son site. Les cookies aident CS Management \u00e0 optimiser votre visite de son site internet, \u00e0 se souvenir de vos choix techniques (comme un choix de langue, une newsletter, etc.), et \u00e0 vous proposer des offres et services toujours plus adapt\u00e9s \u00e0 vos besoins.<\/p><p>Pour pouvoir utiliser le site internet de CS Management, il est recommand\u00e9 d\u2019activer les cookies. Si les cookies sont d\u00e9sactiv\u00e9s, il est possible que nous ne soyons pas en mesure de vous garantir une visite de notre site qui soit d\u00e9nu\u00e9e de tout probl\u00e8me technique. Cependant, vous restez tout \u00e0 fait libre de d\u00e9sactiver les cookies si vous le souhaitez.<\/p><p>Nous utilisons des cookies pour am\u00e9liorer votre visite et votre utilisation de notre site internet. Les cookies que nous utilisons sont s\u00fbrs. Les informations que nous collectons \u00e0 l\u2019aide des cookies nous aident \u00e0 identifier les \u00e9ventuelles erreurs qui se trouvent sur notre site internet et \u00e0 vous proposer des services sp\u00e9cifiques et personnalis\u00e9s qui nous paraissent susceptibles de pouvoir vous int\u00e9resser.<\/p>\t\t\t\t\t\t\t\t<\/div>\n\t\t\t\t<\/div>\n\t\t\t\t<\/div>\n\t\t<div class=\"elementor-element elementor-element-16a94ce e-con-full e-flex e-con e-child\" data-id=\"16a94ce\" data-element_type=\"container\" data-e-type=\"container\">\n\t\t\t\t<div class=\"elementor-element elementor-element-8b7419c elementor-widget elementor-widget-heading\" data-id=\"8b7419c\" data-element_type=\"widget\" data-e-type=\"widget\" data-widget_type=\"heading.default\">\n\t\t\t\t<div class=\"elementor-widget-container\">\n\t\t\t\t\t<h2 class=\"elementor-heading-title elementor-size-default\">6. Comment g\u00e9rer\/supprimer les cookies install\u00e9s&nbsp;?<\/h2>\t\t\t\t<\/div>\n\t\t\t\t<\/div>\n\t\t\t\t<div class=\"elementor-element elementor-element-031b9f3 elementor-widget elementor-widget-text-editor\" data-id=\"031b9f3\" data-element_type=\"widget\" data-e-type=\"widget\" data-widget_type=\"text-editor.default\">\n\t\t\t\t<div class=\"elementor-widget-container\">\n\t\t\t\t\t\t\t\t\t<p>Vous pouvez \u00e0 tout moment consulter, cr\u00e9er des exceptions ou refuser l\u2019installation des cookies via le param\u00e9trage de votre navigateur. La suppression des cookies install\u00e9s se fait \u00e9galement en passant par les param\u00e8tres de votre navigateur. Pour ce faire, veuillez suivre les \u00e9tapes sur les liens suivantes&nbsp;:<\/p><ul><li><strong>Internet Explorer<\/strong> : <a href=\"https:\/\/support.microsoft.com\/fr-fr\/help\/17442\/windows-internet-explorer-delete-manage-cookies\" target=\"_blank\" rel=\"noopener\">https:\/\/support.microsoft.com\/fr-fr\/help\/17442\/windows-internet-explorer-delete-manage-cookies<\/a><\/li><li><strong>Google Chrome<\/strong> : <a href=\"https:\/\/support.google.com\/chrome\/answer\/95647?hl=fr\" target=\"_blank\" rel=\"noopener\">https:\/\/support.google.com\/chrome\/answer\/95647?hl=fr<\/a><\/li><li><strong>Firefox<\/strong> : <a href=\"https:\/\/support.mozilla.org\/fr\/kb\/activer-desactiver-cookies-preferences\" target=\"_blank\" rel=\"noopener\">https:\/\/support.mozilla.org\/fr\/kb\/activer-desactiver-cookies-preferences<\/a><\/li><li><strong>Safari (iOS)<\/strong> : <a href=\"https:\/\/support.apple.com\/fr-be\/HT201265\" target=\"_blank\" rel=\"noopener\">https:\/\/support.apple.com\/fr-be\/HT201265<\/a><\/li><li><strong>Safari (MacOS)<\/strong> : <a href=\"https:\/\/support.apple.com\/fr-be\/guide\/safari\/sfri11471\/mac\" target=\"_blank\" rel=\"noopener\">https:\/\/support.apple.com\/fr-be\/guide\/safari\/sfri11471\/mac<\/a><\/li><\/ul><p>Si vous d\u00e9sirez refuser les cookies commerciaux, il vous est possible de le faire en suivant les \u00e9tapes sur le site internet&nbsp;: <a href=\"https:\/\/www.youronlinechoices.com\" target=\"_blank\" rel=\"noopener\">https:\/\/www.youronlinechoices.com<\/a>.<\/p>\t\t\t\t\t\t\t\t<\/div>\n\t\t\t\t<\/div>\n\t\t\t\t<\/div>\n\t\t\t\t\t<\/div>\n\t\t\t\t<\/div>\n\t\t\t\t<\/div>","protected":false},"excerpt":{"rendered":"<p>1. Qu\u2019est-ce qu\u2019un cookie&nbsp;? Les cookies sont de petits fichiers de donn\u00e9es ou de texte plac\u00e9s localement sur votre ordinateur ou votre appareil mobile par des sites internet ou des applications. Sur ces petits fichiers peuvent \u00eatre stock\u00e9s diff\u00e9rents types d\u2019informations tels que le choix de votre langue pour un site internet sp\u00e9cifique, par exemple, [&hellip;]<\/p>","protected":false},"author":1,"featured_media":0,"parent":0,"menu_order":0,"comment_status":"closed","ping_status":"closed","template":"","meta":{"footnotes":""},"class_list":["post-20","page","type-page","status-publish","hentry"],"yoast_head":"<!-- This site is optimized with the Yoast SEO plugin v27.1.1 - https:\/\/yoast.com\/product\/yoast-seo-wordpress\/ -->\n<title>Lift2Go | Politique des cookies<\/title>\n<meta name=\"robots\" content=\"noindex, follow\" \/>\n<meta property=\"og:locale\" content=\"fr_FR\" \/>\n<meta property=\"og:type\" content=\"article\" \/>\n<meta property=\"og:title\" content=\"Lift2Go | Politique des cookies\" \/>\n<meta property=\"og:description\" content=\"1. Qu\u2019est-ce qu\u2019un cookie&nbsp;? Les cookies sont de petits fichiers de donn\u00e9es ou de texte plac\u00e9s localement sur votre ordinateur ou votre appareil mobile par des sites internet ou des applications. Sur ces petits fichiers peuvent \u00eatre stock\u00e9s diff\u00e9rents types d\u2019informations tels que le choix de votre langue pour un site internet sp\u00e9cifique, par exemple, [&hellip;]\" \/>\n<meta property=\"og:url\" content=\"https:\/\/www.lift2go.be\/fr\/politique-des-cookies\/\" \/>\n<meta property=\"og:site_name\" content=\"Lift2Go\" \/>\n<meta property=\"article:publisher\" content=\"https:\/\/www.facebook.com\/profile.php?id=61575064631907\" \/>\n<meta property=\"article:modified_time\" content=\"2026-01-28T16:32:17+00:00\" \/>\n<meta property=\"og:image\" content=\"https:\/\/www.lift2go.be\/wp-content\/uploads\/2025\/05\/location_monte-meubles.webp\" \/>\n\t<meta property=\"og:image:width\" content=\"2000\" \/>\n\t<meta property=\"og:image:height\" content=\"1500\" \/>\n\t<meta property=\"og:image:type\" content=\"image\/webp\" \/>\n<meta name=\"twitter:card\" content=\"summary_large_image\" \/>\n<meta name=\"twitter:label1\" content=\"Dur\u00e9e de lecture estim\u00e9e\" \/>\n\t<meta name=\"twitter:data1\" content=\"5 minutes\" \/>\n<script type=\"application\/ld+json\" class=\"yoast-schema-graph\">{\"@context\":\"https:\/\/schema.org\",\"@graph\":[{\"@type\":\"WebPage\",\"@id\":\"https:\/\/www.lift2go.be\/fr\/politique-des-cookies\/\",\"url\":\"https:\/\/www.lift2go.be\/fr\/politique-des-cookies\/\",\"name\":\"Lift2Go | Politique des cookies\",\"isPartOf\":{\"@id\":\"https:\/\/www.lift2go.be\/fr\/#website\"},\"datePublished\":\"2024-12-11T06:51:38+00:00\",\"dateModified\":\"2026-01-28T16:32:17+00:00\",\"breadcrumb\":{\"@id\":\"https:\/\/www.lift2go.be\/fr\/politique-des-cookies\/#breadcrumb\"},\"inLanguage\":\"fr-FR\",\"potentialAction\":[{\"@type\":\"ReadAction\",\"target\":[\"https:\/\/www.lift2go.be\/fr\/politique-des-cookies\/\"]}]},{\"@type\":\"BreadcrumbList\",\"@id\":\"https:\/\/www.lift2go.be\/fr\/politique-des-cookies\/#breadcrumb\",\"itemListElement\":[{\"@type\":\"ListItem\",\"position\":1,\"name\":\"Accueil\",\"item\":\"https:\/\/www.lift2go.be\/fr\/\"},{\"@type\":\"ListItem\",\"position\":2,\"name\":\"Politique des cookies\"}]},{\"@type\":\"WebSite\",\"@id\":\"https:\/\/www.lift2go.be\/fr\/#website\",\"url\":\"https:\/\/www.lift2go.be\/fr\/\",\"name\":\"Lift2Go\",\"description\":\"\",\"publisher\":{\"@id\":\"https:\/\/www.lift2go.be\/fr\/#organization\"},\"potentialAction\":[{\"@type\":\"SearchAction\",\"target\":{\"@type\":\"EntryPoint\",\"urlTemplate\":\"https:\/\/www.lift2go.be\/fr\/?s={search_term_string}\"},\"query-input\":{\"@type\":\"PropertyValueSpecification\",\"valueRequired\":true,\"valueName\":\"search_term_string\"}}],\"inLanguage\":\"fr-FR\"},{\"@type\":\"Organization\",\"@id\":\"https:\/\/www.lift2go.be\/fr\/#organization\",\"name\":\"Lift2Go\",\"url\":\"https:\/\/www.lift2go.be\/fr\/\",\"logo\":{\"@type\":\"ImageObject\",\"inLanguage\":\"fr-FR\",\"@id\":\"https:\/\/www.lift2go.be\/fr\/#\/schema\/logo\/image\/\",\"url\":\"https:\/\/www.lift2go.be\/wp-content\/uploads\/2024\/12\/logo_lift2go.svg\",\"contentUrl\":\"https:\/\/www.lift2go.be\/wp-content\/uploads\/2024\/12\/logo_lift2go.svg\",\"caption\":\"Lift2Go\"},\"image\":{\"@id\":\"https:\/\/www.lift2go.be\/fr\/#\/schema\/logo\/image\/\"},\"sameAs\":[\"https:\/\/www.facebook.com\/profile.php?id=61575064631907\"]}]}<\/script>\n<!-- \/ Yoast SEO plugin. -->","yoast_head_json":{"title":"Lift2Go | Politique des cookies","robots":{"index":"noindex","follow":"follow"},"og_locale":"fr_FR","og_type":"article","og_title":"Lift2Go | Politique des cookies","og_description":"1. Qu\u2019est-ce qu\u2019un cookie&nbsp;? Les cookies sont de petits fichiers de donn\u00e9es ou de texte plac\u00e9s localement sur votre ordinateur ou votre appareil mobile par des sites internet ou des applications. Sur ces petits fichiers peuvent \u00eatre stock\u00e9s diff\u00e9rents types d\u2019informations tels que le choix de votre langue pour un site internet sp\u00e9cifique, par exemple, [&hellip;]","og_url":"https:\/\/www.lift2go.be\/fr\/politique-des-cookies\/","og_site_name":"Lift2Go","article_publisher":"https:\/\/www.facebook.com\/profile.php?id=61575064631907","article_modified_time":"2026-01-28T16:32:17+00:00","og_image":[{"width":2000,"height":1500,"url":"https:\/\/www.lift2go.be\/wp-content\/uploads\/2025\/05\/location_monte-meubles.webp","type":"image\/webp"}],"twitter_card":"summary_large_image","twitter_misc":{"Dur\u00e9e de lecture estim\u00e9e":"5 minutes"},"schema":{"@context":"https:\/\/schema.org","@graph":[{"@type":"WebPage","@id":"https:\/\/www.lift2go.be\/fr\/politique-des-cookies\/","url":"https:\/\/www.lift2go.be\/fr\/politique-des-cookies\/","name":"Lift2Go | Politique des cookies","isPartOf":{"@id":"https:\/\/www.lift2go.be\/fr\/#website"},"datePublished":"2024-12-11T06:51:38+00:00","dateModified":"2026-01-28T16:32:17+00:00","breadcrumb":{"@id":"https:\/\/www.lift2go.be\/fr\/politique-des-cookies\/#breadcrumb"},"inLanguage":"fr-FR","potentialAction":[{"@type":"ReadAction","target":["https:\/\/www.lift2go.be\/fr\/politique-des-cookies\/"]}]},{"@type":"BreadcrumbList","@id":"https:\/\/www.lift2go.be\/fr\/politique-des-cookies\/#breadcrumb","itemListElement":[{"@type":"ListItem","position":1,"name":"Accueil","item":"https:\/\/www.lift2go.be\/fr\/"},{"@type":"ListItem","position":2,"name":"Politique des cookies"}]},{"@type":"WebSite","@id":"https:\/\/www.lift2go.be\/fr\/#website","url":"https:\/\/www.lift2go.be\/fr\/","name":"Lift2Go","description":"","publisher":{"@id":"https:\/\/www.lift2go.be\/fr\/#organization"},"potentialAction":[{"@type":"SearchAction","target":{"@type":"EntryPoint","urlTemplate":"https:\/\/www.lift2go.be\/fr\/?s={search_term_string}"},"query-input":{"@type":"PropertyValueSpecification","valueRequired":true,"valueName":"search_term_string"}}],"inLanguage":"fr-FR"},{"@type":"Organization","@id":"https:\/\/www.lift2go.be\/fr\/#organization","name":"Lift2Go","url":"https:\/\/www.lift2go.be\/fr\/","logo":{"@type":"ImageObject","inLanguage":"fr-FR","@id":"https:\/\/www.lift2go.be\/fr\/#\/schema\/logo\/image\/","url":"https:\/\/www.lift2go.be\/wp-content\/uploads\/2024\/12\/logo_lift2go.svg","contentUrl":"https:\/\/www.lift2go.be\/wp-content\/uploads\/2024\/12\/logo_lift2go.svg","caption":"Lift2Go"},"image":{"@id":"https:\/\/www.lift2go.be\/fr\/#\/schema\/logo\/image\/"},"sameAs":["https:\/\/www.facebook.com\/profile.php?id=61575064631907"]}]}},"_links":{"self":[{"href":"https:\/\/www.lift2go.be\/fr\/wp-json\/wp\/v2\/pages\/20","targetHints":{"allow":["GET"]}}],"collection":[{"href":"https:\/\/www.lift2go.be\/fr\/wp-json\/wp\/v2\/pages"}],"about":[{"href":"https:\/\/www.lift2go.be\/fr\/wp-json\/wp\/v2\/types\/page"}],"author":[{"embeddable":true,"href":"https:\/\/www.lift2go.be\/fr\/wp-json\/wp\/v2\/users\/1"}],"replies":[{"embeddable":true,"href":"https:\/\/www.lift2go.be\/fr\/wp-json\/wp\/v2\/comments?post=20"}],"version-history":[{"count":5,"href":"https:\/\/www.lift2go.be\/fr\/wp-json\/wp\/v2\/pages\/20\/revisions"}],"predecessor-version":[{"id":914,"href":"https:\/\/www.lift2go.be\/fr\/wp-json\/wp\/v2\/pages\/20\/revisions\/914"}],"wp:attachment":[{"href":"https:\/\/www.lift2go.be\/fr\/wp-json\/wp\/v2\/media?parent=20"}],"curies":[{"name":"wp","href":"https:\/\/api.w.org\/{rel}","templated":true}]}}