{"id":24,"date":"2024-12-11T07:52:00","date_gmt":"2024-12-11T06:52:00","guid":{"rendered":"https:\/\/lift2go.bluetimeproduction.be\/?page_id=24"},"modified":"2026-01-28T17:32:02","modified_gmt":"2026-01-28T16:32:02","slug":"mentions-legales","status":"publish","type":"page","link":"https:\/\/www.lift2go.be\/fr\/mentions-legales\/","title":{"rendered":"Mentions l\u00e9gales"},"content":{"rendered":"\t\t<div data-elementor-type=\"wp-page\" data-elementor-id=\"24\" class=\"elementor elementor-24\" data-elementor-post-type=\"page\">\n\t\t\t\t<div class=\"elementor-element elementor-element-4b9c157 e-flex e-con-boxed e-con e-parent\" data-id=\"4b9c157\" data-element_type=\"container\" data-e-type=\"container\" data-settings=\"{&quot;shape_divider_bottom&quot;:&quot;curve&quot;,&quot;shape_divider_bottom_negative&quot;:&quot;yes&quot;}\">\n\t\t\t\t\t<div class=\"e-con-inner\">\n\t\t\t\t<div class=\"elementor-shape elementor-shape-bottom\" aria-hidden=\"true\" data-negative=\"true\">\n\t\t\t\n<svg xmlns=\"http:\/\/www.w3.org\/2000\/svg\" viewBox=\"0 0 1000 100\" preserveAspectRatio=\"none\">\n\t<path class=\"elementor-shape-fill\" d=\"M500,97C126.7,96.3,0.8,19.8,0,0v100l1000,0V1C1000,19.4,873.3,97.8,500,97z\"\/>\n<\/svg>\n\t\t<\/div>\n\t\t\t\t<div class=\"elementor-element elementor-element-f8d657c elementor-widget elementor-widget-heading\" data-id=\"f8d657c\" data-element_type=\"widget\" data-e-type=\"widget\" data-widget_type=\"heading.default\">\n\t\t\t\t<div class=\"elementor-widget-container\">\n\t\t\t\t\t<h1 class=\"elementor-heading-title elementor-size-default\">Mentions l\u00e9gales<\/h1>\t\t\t\t<\/div>\n\t\t\t\t<\/div>\n\t\t<div class=\"elementor-element elementor-element-cc23f06 e-con-full e-flex e-con e-child\" data-id=\"cc23f06\" data-element_type=\"container\" data-e-type=\"container\">\n\t\t\t\t<div class=\"elementor-element elementor-element-a75044d elementor-widget elementor-widget-heading\" data-id=\"a75044d\" data-element_type=\"widget\" data-e-type=\"widget\" data-widget_type=\"heading.default\">\n\t\t\t\t<div class=\"elementor-widget-container\">\n\t\t\t\t\t<h2 class=\"elementor-heading-title elementor-size-default\">CS Management SRL<\/h2>\t\t\t\t<\/div>\n\t\t\t\t<\/div>\n\t\t\t\t<div class=\"elementor-element elementor-element-fca40b2 elementor-widget elementor-widget-text-editor\" data-id=\"fca40b2\" data-element_type=\"widget\" data-e-type=\"widget\" data-widget_type=\"text-editor.default\">\n\t\t\t\t<div class=\"elementor-widget-container\">\n\t\t\t\t\t\t\t\t\t<p>Si\u00e8ge social&nbsp;: Rue de l&rsquo;Abbaye, 13\/A &#8211; 1380 Lasne<\/p><p>Num\u00e9ro de t\u00e9l\u00e9phone&nbsp;: <a href=\"tel:+32478957799\">+32 (0)478 95 77 99<\/a><\/p><p>Adresse e-mail&nbsp;: <a href=\"mailto:info@lift2go.be\">info@lift2go.be<\/a>\u00a0<\/p><p>Num\u00e9ro d\u2019entreprise&nbsp;: 1020.910.449<\/p><p>Num\u00e9ro de TVA&nbsp;: BE 1020.910.449<\/p>\t\t\t\t\t\t\t\t<\/div>\n\t\t\t\t<\/div>\n\t\t\t\t<\/div>\n\t\t\t\t\t<\/div>\n\t\t\t\t<\/div>\n\t\t\t\t<\/div>","protected":false},"excerpt":{"rendered":"<p>CS Management SRL Si\u00e8ge social&nbsp;: Rue de l&rsquo;Abbaye, 13\/A &#8211; 1380 Lasne Num\u00e9ro de t\u00e9l\u00e9phone&nbsp;: +32 (0)478 95 77 99 Adresse e-mail&nbsp;: info@lift2go.be\u00a0 Num\u00e9ro d\u2019entreprise&nbsp;: 1020.910.449 Num\u00e9ro de TVA&nbsp;: BE 1020.910.449<\/p>","protected":false},"author":1,"featured_media":0,"parent":0,"menu_order":0,"comment_status":"closed","ping_status":"closed","template":"","meta":{"footnotes":""},"class_list":["post-24","page","type-page","status-publish","hentry"],"yoast_head":"<!-- This site is optimized with the Yoast SEO plugin v27.1.1 - https:\/\/yoast.com\/product\/yoast-seo-wordpress\/ -->\n<title>Lift2Go | Mentions l\u00e9gales<\/title>\n<meta name=\"robots\" content=\"noindex, follow\" \/>\n<meta property=\"og:locale\" content=\"fr_FR\" \/>\n<meta property=\"og:type\" content=\"article\" \/>\n<meta property=\"og:title\" content=\"Lift2Go | Mentions l\u00e9gales\" \/>\n<meta property=\"og:description\" content=\"CS Management SRL Si\u00e8ge social&nbsp;: Rue de l&rsquo;Abbaye, 13\/A &#8211; 1380 Lasne Num\u00e9ro de t\u00e9l\u00e9phone&nbsp;: +32 (0)478 95 77 99 Adresse e-mail&nbsp;: info@lift2go.be\u00a0 Num\u00e9ro d\u2019entreprise&nbsp;: 1020.910.449 Num\u00e9ro de TVA&nbsp;: BE 1020.910.449\" \/>\n<meta property=\"og:url\" content=\"https:\/\/www.lift2go.be\/fr\/mentions-legales\/\" \/>\n<meta property=\"og:site_name\" content=\"Lift2Go\" \/>\n<meta property=\"article:publisher\" content=\"https:\/\/www.facebook.com\/profile.php?id=61575064631907\" \/>\n<meta property=\"article:modified_time\" content=\"2026-01-28T16:32:02+00:00\" \/>\n<meta property=\"og:image\" content=\"https:\/\/www.lift2go.be\/wp-content\/uploads\/2025\/05\/location_monte-meubles.webp\" \/>\n\t<meta property=\"og:image:width\" content=\"2000\" \/>\n\t<meta property=\"og:image:height\" content=\"1500\" \/>\n\t<meta property=\"og:image:type\" content=\"image\/webp\" \/>\n<meta name=\"twitter:card\" content=\"summary_large_image\" \/>\n<meta name=\"twitter:label1\" content=\"Dur\u00e9e de lecture estim\u00e9e\" \/>\n\t<meta name=\"twitter:data1\" content=\"1 minute\" \/>\n<script type=\"application\/ld+json\" class=\"yoast-schema-graph\">{\"@context\":\"https:\/\/schema.org\",\"@graph\":[{\"@type\":\"WebPage\",\"@id\":\"https:\/\/www.lift2go.be\/fr\/mentions-legales\/\",\"url\":\"https:\/\/www.lift2go.be\/fr\/mentions-legales\/\",\"name\":\"Lift2Go | Mentions l\u00e9gales\",\"isPartOf\":{\"@id\":\"https:\/\/www.lift2go.be\/fr\/#website\"},\"datePublished\":\"2024-12-11T06:52:00+00:00\",\"dateModified\":\"2026-01-28T16:32:02+00:00\",\"breadcrumb\":{\"@id\":\"https:\/\/www.lift2go.be\/fr\/mentions-legales\/#breadcrumb\"},\"inLanguage\":\"fr-FR\",\"potentialAction\":[{\"@type\":\"ReadAction\",\"target\":[\"https:\/\/www.lift2go.be\/fr\/mentions-legales\/\"]}]},{\"@type\":\"BreadcrumbList\",\"@id\":\"https:\/\/www.lift2go.be\/fr\/mentions-legales\/#breadcrumb\",\"itemListElement\":[{\"@type\":\"ListItem\",\"position\":1,\"name\":\"Accueil\",\"item\":\"https:\/\/www.lift2go.be\/fr\/\"},{\"@type\":\"ListItem\",\"position\":2,\"name\":\"Mentions l\u00e9gales\"}]},{\"@type\":\"WebSite\",\"@id\":\"https:\/\/www.lift2go.be\/fr\/#website\",\"url\":\"https:\/\/www.lift2go.be\/fr\/\",\"name\":\"Lift2Go\",\"description\":\"\",\"publisher\":{\"@id\":\"https:\/\/www.lift2go.be\/fr\/#organization\"},\"potentialAction\":[{\"@type\":\"SearchAction\",\"target\":{\"@type\":\"EntryPoint\",\"urlTemplate\":\"https:\/\/www.lift2go.be\/fr\/?s={search_term_string}\"},\"query-input\":{\"@type\":\"PropertyValueSpecification\",\"valueRequired\":true,\"valueName\":\"search_term_string\"}}],\"inLanguage\":\"fr-FR\"},{\"@type\":\"Organization\",\"@id\":\"https:\/\/www.lift2go.be\/fr\/#organization\",\"name\":\"Lift2Go\",\"url\":\"https:\/\/www.lift2go.be\/fr\/\",\"logo\":{\"@type\":\"ImageObject\",\"inLanguage\":\"fr-FR\",\"@id\":\"https:\/\/www.lift2go.be\/fr\/#\/schema\/logo\/image\/\",\"url\":\"https:\/\/www.lift2go.be\/wp-content\/uploads\/2024\/12\/logo_lift2go.svg\",\"contentUrl\":\"https:\/\/www.lift2go.be\/wp-content\/uploads\/2024\/12\/logo_lift2go.svg\",\"caption\":\"Lift2Go\"},\"image\":{\"@id\":\"https:\/\/www.lift2go.be\/fr\/#\/schema\/logo\/image\/\"},\"sameAs\":[\"https:\/\/www.facebook.com\/profile.php?id=61575064631907\"]}]}<\/script>\n<!-- \/ Yoast SEO plugin. -->","yoast_head_json":{"title":"Lift2Go | Mentions l\u00e9gales","robots":{"index":"noindex","follow":"follow"},"og_locale":"fr_FR","og_type":"article","og_title":"Lift2Go | Mentions l\u00e9gales","og_description":"CS Management SRL Si\u00e8ge social&nbsp;: Rue de l&rsquo;Abbaye, 13\/A &#8211; 1380 Lasne Num\u00e9ro de t\u00e9l\u00e9phone&nbsp;: +32 (0)478 95 77 99 Adresse e-mail&nbsp;: info@lift2go.be\u00a0 Num\u00e9ro d\u2019entreprise&nbsp;: 1020.910.449 Num\u00e9ro de TVA&nbsp;: BE 1020.910.449","og_url":"https:\/\/www.lift2go.be\/fr\/mentions-legales\/","og_site_name":"Lift2Go","article_publisher":"https:\/\/www.facebook.com\/profile.php?id=61575064631907","article_modified_time":"2026-01-28T16:32:02+00:00","og_image":[{"width":2000,"height":1500,"url":"https:\/\/www.lift2go.be\/wp-content\/uploads\/2025\/05\/location_monte-meubles.webp","type":"image\/webp"}],"twitter_card":"summary_large_image","twitter_misc":{"Dur\u00e9e de lecture estim\u00e9e":"1 minute"},"schema":{"@context":"https:\/\/schema.org","@graph":[{"@type":"WebPage","@id":"https:\/\/www.lift2go.be\/fr\/mentions-legales\/","url":"https:\/\/www.lift2go.be\/fr\/mentions-legales\/","name":"Lift2Go | Mentions l\u00e9gales","isPartOf":{"@id":"https:\/\/www.lift2go.be\/fr\/#website"},"datePublished":"2024-12-11T06:52:00+00:00","dateModified":"2026-01-28T16:32:02+00:00","breadcrumb":{"@id":"https:\/\/www.lift2go.be\/fr\/mentions-legales\/#breadcrumb"},"inLanguage":"fr-FR","potentialAction":[{"@type":"ReadAction","target":["https:\/\/www.lift2go.be\/fr\/mentions-legales\/"]}]},{"@type":"BreadcrumbList","@id":"https:\/\/www.lift2go.be\/fr\/mentions-legales\/#breadcrumb","itemListElement":[{"@type":"ListItem","position":1,"name":"Accueil","item":"https:\/\/www.lift2go.be\/fr\/"},{"@type":"ListItem","position":2,"name":"Mentions l\u00e9gales"}]},{"@type":"WebSite","@id":"https:\/\/www.lift2go.be\/fr\/#website","url":"https:\/\/www.lift2go.be\/fr\/","name":"Lift2Go","description":"","publisher":{"@id":"https:\/\/www.lift2go.be\/fr\/#organization"},"potentialAction":[{"@type":"SearchAction","target":{"@type":"EntryPoint","urlTemplate":"https:\/\/www.lift2go.be\/fr\/?s={search_term_string}"},"query-input":{"@type":"PropertyValueSpecification","valueRequired":true,"valueName":"search_term_string"}}],"inLanguage":"fr-FR"},{"@type":"Organization","@id":"https:\/\/www.lift2go.be\/fr\/#organization","name":"Lift2Go","url":"https:\/\/www.lift2go.be\/fr\/","logo":{"@type":"ImageObject","inLanguage":"fr-FR","@id":"https:\/\/www.lift2go.be\/fr\/#\/schema\/logo\/image\/","url":"https:\/\/www.lift2go.be\/wp-content\/uploads\/2024\/12\/logo_lift2go.svg","contentUrl":"https:\/\/www.lift2go.be\/wp-content\/uploads\/2024\/12\/logo_lift2go.svg","caption":"Lift2Go"},"image":{"@id":"https:\/\/www.lift2go.be\/fr\/#\/schema\/logo\/image\/"},"sameAs":["https:\/\/www.facebook.com\/profile.php?id=61575064631907"]}]}},"_links":{"self":[{"href":"https:\/\/www.lift2go.be\/fr\/wp-json\/wp\/v2\/pages\/24","targetHints":{"allow":["GET"]}}],"collection":[{"href":"https:\/\/www.lift2go.be\/fr\/wp-json\/wp\/v2\/pages"}],"about":[{"href":"https:\/\/www.lift2go.be\/fr\/wp-json\/wp\/v2\/types\/page"}],"author":[{"embeddable":true,"href":"https:\/\/www.lift2go.be\/fr\/wp-json\/wp\/v2\/users\/1"}],"replies":[{"embeddable":true,"href":"https:\/\/www.lift2go.be\/fr\/wp-json\/wp\/v2\/comments?post=24"}],"version-history":[{"count":5,"href":"https:\/\/www.lift2go.be\/fr\/wp-json\/wp\/v2\/pages\/24\/revisions"}],"predecessor-version":[{"id":888,"href":"https:\/\/www.lift2go.be\/fr\/wp-json\/wp\/v2\/pages\/24\/revisions\/888"}],"wp:attachment":[{"href":"https:\/\/www.lift2go.be\/fr\/wp-json\/wp\/v2\/media?parent=24"}],"curies":[{"name":"wp","href":"https:\/\/api.w.org\/{rel}","templated":true}]}}